{"id":6,"date":"2022-05-09T10:05:30","date_gmt":"2022-05-09T10:05:30","guid":{"rendered":"https:\/\/vorboteblog.wordpress.com\/home\/"},"modified":"2026-02-14T18:46:23","modified_gmt":"2026-02-14T18:46:23","slug":"home","status":"publish","type":"page","link":"https:\/\/dervorbote.at\/?page_id=6","title":{"rendered":"Home"},"content":{"rendered":"\n<div class=\"wp-block-query is-layout-flow wp-block-query-is-layout-flow\"><ul class=\"wp-block-post-template is-layout-flow wp-block-post-template-is-layout-flow\"><li class=\"wp-block-post post-19 post type-post status-publish format-standard has-post-thumbnail hentry category-osterreich tag-12-februar-1934 tag-austrofaschismus tag-kpo tag-roter-feber-1934\">\n<h2 style=\"font-size:64px;line-height:1.2;\" class=\"wp-block-post-title\"><a href=\"https:\/\/dervorbote.at\/?p=19\" target=\"_self\" >1934 \u2013 Die Lehre. Der Kampf. \u2013 2026<\/a><\/h2>\n\n<figure class=\"alignwide wp-block-post-featured-image\"><a href=\"https:\/\/dervorbote.at\/?p=19\" target=\"_self\"  ><img loading=\"lazy\" decoding=\"async\" width=\"659\" height=\"472\" src=\"https:\/\/dervorbote.at\/wp-content\/uploads\/2026\/02\/12.feber1934_1.png\" class=\"attachment-post-thumbnail size-post-thumbnail wp-post-image\" alt=\"1934 \u2013 Die Lehre. Der Kampf. \u2013 2026\" style=\"object-fit:cover;\" srcset=\"https:\/\/dervorbote.at\/wp-content\/uploads\/2026\/02\/12.feber1934_1.png 659w, https:\/\/dervorbote.at\/wp-content\/uploads\/2026\/02\/12.feber1934_1-300x215.png 300w\" sizes=\"auto, (max-width: 659px) 100vw, 659px\" \/><\/a><\/figure>\n\n<div class=\"entry-content wp-block-post-content is-layout-flow wp-block-post-content-is-layout-flow\">\r\n<p class=\"wp-block-paragraph\">Die bewaffneten K\u00e4mpfe der fortschrittlichen Kr\u00e4fte der \u00f6sterreichischen Arbeiterklasse, die am 12. Februar 1934 begannen, richteten sich gegen den Faschismus, der die Arbeiterklasse und das Volk mit roher Gewalt niederzudr\u00fccken versuchte. Die Monopolkapitalisten im Bund mit den Gro\u00dfgrundbesitzern wollten die organisierte Arbeiterbewegung vollst\u00e4ndig zerschlagen, sie wollten ihr jedes errungene demokratische Recht, jedes St\u00fcck hart erk\u00e4mpften Fortschritt mit Gewalt entrei\u00dfen. Dagegen standen die mutigen K\u00e4mpferinnen und K\u00e4mpfer des Roten Februars auf. Hunderte, wenn nicht tausende von ihnen gaben ihr Leben, um den Faschismus, diesen eingeschworenen Feind der Arbeiterklasse und des Volkes, zur\u00fcckzuschlagen.  <a href=\"https:\/\/dervorbote.at\/?p=19#more-19\" class=\"more-link\"><span aria-label=\"1934 \u2013 Die Lehre. Der Kampf. \u2013 2026 weiterlesen\">(mehr\u00a0&hellip;)<\/span><\/a><\/p><\/div>\n\n\n<div class=\"wp-block-group is-layout-flex wp-block-group-is-layout-flex\"><div style=\"font-size:16px;\" class=\"wp-block-post-date\"><a href=\"https:\/\/dervorbote.at\/?p=19\"><time datetime=\"2026-02-13T20:25:08+00:00\">Februar 13, 2026<\/time><\/a><\/div>\n\n<div style=\"font-size:16px\" class=\"taxonomy-category wp-block-post-terms\"><a href=\"https:\/\/dervorbote.at\/?cat=2\" rel=\"tag\">\u00d6sterreich<\/a><\/div>\n\n<div style=\"font-size:16px\" class=\"taxonomy-post_tag wp-block-post-terms\"><a href=\"https:\/\/dervorbote.at\/?tag=12-februar-1934\" rel=\"tag\">12-februar-1934<\/a><span class=\"wp-block-post-terms__separator\">, <\/span><a href=\"https:\/\/dervorbote.at\/?tag=austrofaschismus\" rel=\"tag\">austrofaschismus<\/a><span class=\"wp-block-post-terms__separator\">, <\/span><a href=\"https:\/\/dervorbote.at\/?tag=kpo\" rel=\"tag\">kpo<\/a><span class=\"wp-block-post-terms__separator\">, <\/span><a href=\"https:\/\/dervorbote.at\/?tag=roter-feber-1934\" rel=\"tag\">roter-feber-1934<\/a><\/div><\/div>\n\n\n\n<div style=\"height:120px;\" aria-hidden=\"true\" class=\"wp-block-spacer\"><\/div>\n\n<\/li><li class=\"wp-block-post post-60 post type-post status-publish format-standard hentry category-osterreich\">\n<h2 style=\"font-size:64px;line-height:1.2;\" class=\"wp-block-post-title\"><a href=\"https:\/\/dervorbote.at\/?p=60\" target=\"_self\" >Liebe Leser!<\/a><\/h2>\n\n\n\n<div class=\"entry-content wp-block-post-content is-layout-flow wp-block-post-content-is-layout-flow\">\n<p class=\"wp-block-paragraph\">Die Homepage des <strong><em>Vorboten &#8211; F\u00fcr Weg und Ziel der revolution\u00e4ren Bewegung<\/em><\/strong> befindet sich im Aufbau bzw. Umbau. Daher steht dezeit ausschlie\u00dflich unser aktueller Beitrag, anl\u00e4sslich des Jahrstages des Roten Feber 1934 online zur Verf\u00fcgung. <\/p>\n\n\n\n<p class=\"wp-block-paragraph\">Redaktion des Vorboten <\/p>\n\n\n\n<p class=\"wp-block-paragraph\"><\/p>\n<\/div>\n\n\n<div class=\"wp-block-group is-layout-flex wp-block-group-is-layout-flex\"><div style=\"font-size:16px;\" class=\"wp-block-post-date\"><a href=\"https:\/\/dervorbote.at\/?p=60\"><time datetime=\"2026-02-13T10:05:00+00:00\">Februar 13, 2026<\/time><\/a><\/div>\n\n<div style=\"font-size:16px\" class=\"taxonomy-category wp-block-post-terms\"><a href=\"https:\/\/dervorbote.at\/?cat=2\" rel=\"tag\">\u00d6sterreich<\/a><\/div>\n\n<\/div>\n\n\n\n<div style=\"height:120px;\" aria-hidden=\"true\" class=\"wp-block-spacer\"><\/div>\n\n<\/li><\/ul>\n\n<nav class=\"wp-block-query-pagination is-layout-flex wp-block-query-pagination-is-layout-flex\" aria-label=\"Seitennummerierung\">\n<div class=\"wp-block-query-pagination\">\n\n<\/div>\n<\/nav><\/div>\n","protected":false},"excerpt":{"rendered":"","protected":false},"author":1,"featured_media":0,"parent":0,"menu_order":0,"comment_status":"closed","ping_status":"closed","template":"","meta":{"_acf_changed":false,"_crdt_document":"","footnotes":""},"class_list":["post-6","page","type-page","status-publish","hentry"],"acf":[],"_links":{"self":[{"href":"https:\/\/dervorbote.at\/index.php?rest_route=\/wp\/v2\/pages\/6","targetHints":{"allow":["GET"]}}],"collection":[{"href":"https:\/\/dervorbote.at\/index.php?rest_route=\/wp\/v2\/pages"}],"about":[{"href":"https:\/\/dervorbote.at\/index.php?rest_route=\/wp\/v2\/types\/page"}],"author":[{"embeddable":true,"href":"https:\/\/dervorbote.at\/index.php?rest_route=\/wp\/v2\/users\/1"}],"replies":[{"embeddable":true,"href":"https:\/\/dervorbote.at\/index.php?rest_route=%2Fwp%2Fv2%2Fcomments&post=6"}],"version-history":[{"count":1,"href":"https:\/\/dervorbote.at\/index.php?rest_route=\/wp\/v2\/pages\/6\/revisions"}],"predecessor-version":[{"id":96,"href":"https:\/\/dervorbote.at\/index.php?rest_route=\/wp\/v2\/pages\/6\/revisions\/96"}],"wp:attachment":[{"href":"https:\/\/dervorbote.at\/index.php?rest_route=%2Fwp%2Fv2%2Fmedia&parent=6"}],"curies":[{"name":"wp","href":"https:\/\/api.w.org\/{rel}","templated":true}]}}